{"id":114,"date":"2021-03-15T16:55:28","date_gmt":"2021-03-15T16:55:28","guid":{"rendered":"http:\/\/ethos-media.de\/?page_id=114"},"modified":"2024-02-26T13:50:42","modified_gmt":"2024-02-26T13:50:42","slug":"impressum","status":"publish","type":"page","link":"https:\/\/ethos-media.de\/index.php\/impressum\/","title":{"rendered":"Impressum"},"content":{"rendered":"\t\t<div data-elementor-type=\"wp-page\" data-elementor-id=\"114\" class=\"elementor elementor-114\">\n\t\t\t\t\t\t<section class=\"elementor-section elementor-top-section elementor-element elementor-element-a3f3d1e elementor-section-boxed elementor-section-height-default elementor-section-height-default\" data-id=\"a3f3d1e\" data-element_type=\"section\">\n\t\t\t\t\t\t<div class=\"elementor-container elementor-column-gap-default\">\n\t\t\t\t\t<div class=\"elementor-column elementor-col-33 elementor-top-column elementor-element elementor-element-c0bc08b\" data-id=\"c0bc08b\" data-element_type=\"column\">\n\t\t\t<div class=\"elementor-widget-wrap\">\n\t\t\t\t\t\t\t<\/div>\n\t\t<\/div>\n\t\t\t\t<div class=\"elementor-column elementor-col-33 elementor-top-column elementor-element elementor-element-a322a90\" data-id=\"a322a90\" data-element_type=\"column\">\n\t\t\t<div class=\"elementor-widget-wrap elementor-element-populated\">\n\t\t\t\t\t\t<div class=\"elementor-element elementor-element-18860aa elementor-widget__width-inherit elementor-widget elementor-widget-text-editor\" data-id=\"18860aa\" data-element_type=\"widget\" data-widget_type=\"text-editor.default\">\n\t\t\t\t<div class=\"elementor-widget-container\">\n\t\t\t\t\t\t\t<div id=\"primary\" class=\"content-area\" style=\"caret-color: #888888; color: #888888; font-style: normal;\">\n<article id=\"post-122\" class=\"post-122 page type-page status-publish hentry\">\n<header class=\"entry-header\">\n<header class=\"entry-header\">\n<h1 class=\"entry-title\">Impressum<\/h1>\n<\/header>\n<div class=\"entry-content\">\n<p><strong>ethos<\/strong>&nbsp;media<\/p>\n<p>Vogelsangstrasse 12<br>71093 Weil im Sch\u00f6nbuch<\/p>\n<p>Verantwortlicher:<br>Ralf Mayer<\/p>\n<p>www.ethos-media.de<br>info@ethos-media.de<\/p>\n<p>Tel.: 07052 9354018<br>Fax: 07052 9354019<\/p>\n<hr>\n<p>Urheber von Videos und Fotos:<\/p>\n<p><strong>ethos<\/strong>&nbsp;media<\/p>\n<hr>\n<p>Haftungshinweis:<\/p>\n<p>Trotz sorgf\u00e4ltiger inhaltlicher Kontrolle \u00fcbernehmen wir keine Haftung f\u00fcr die Inhalte externer Links.<br>F\u00fcr den Inhalt der verlinkten Seiten sind ausschlie\u00dflich deren Betreiber verantwortlich.<\/p>\n<\/div>\n<\/header>\n<\/article>\n<\/div>\t\t\t\t\t\t<\/div>\n\t\t\t\t<\/div>\n\t\t\t\t\t<\/div>\n\t\t<\/div>\n\t\t\t\t<div class=\"elementor-column elementor-col-33 elementor-top-column elementor-element elementor-element-ffd9a23\" data-id=\"ffd9a23\" data-element_type=\"column\">\n\t\t\t<div class=\"elementor-widget-wrap\">\n\t\t\t\t\t\t\t<\/div>\n\t\t<\/div>\n\t\t\t\t\t<\/div>\n\t\t<\/section>\n\t\t\t\t<\/div>\n\t\t","protected":false},"excerpt":{"rendered":"<p>Impressum ethos&nbsp;media Vogelsangstrasse 1271093 Weil im Sch\u00f6nbuch Verantwortlicher:Ralf Mayer www.ethos-media.deinfo@ethos-media.de Tel.: 07052 9354018Fax: 07052 9354019 Urheber von Videos und Fotos: ethos&nbsp;media Haftungshinweis: Trotz sorgf\u00e4ltiger inhaltlicher Kontrolle \u00fcbernehmen wir keine Haftung f\u00fcr die Inhalte externer Links.F\u00fcr den Inhalt der verlinkten Seiten sind ausschlie\u00dflich deren Betreiber verantwortlich.<\/p>\n","protected":false},"author":1,"featured_media":0,"parent":0,"menu_order":0,"comment_status":"closed","ping_status":"closed","template":"elementor_header_footer","meta":{"footnotes":""},"_links":{"self":[{"href":"https:\/\/ethos-media.de\/index.php\/wp-json\/wp\/v2\/pages\/114"}],"collection":[{"href":"https:\/\/ethos-media.de\/index.php\/wp-json\/wp\/v2\/pages"}],"about":[{"href":"https:\/\/ethos-media.de\/index.php\/wp-json\/wp\/v2\/types\/page"}],"author":[{"embeddable":true,"href":"https:\/\/ethos-media.de\/index.php\/wp-json\/wp\/v2\/users\/1"}],"replies":[{"embeddable":true,"href":"https:\/\/ethos-media.de\/index.php\/wp-json\/wp\/v2\/comments?post=114"}],"version-history":[{"count":32,"href":"https:\/\/ethos-media.de\/index.php\/wp-json\/wp\/v2\/pages\/114\/revisions"}],"predecessor-version":[{"id":6488,"href":"https:\/\/ethos-media.de\/index.php\/wp-json\/wp\/v2\/pages\/114\/revisions\/6488"}],"wp:attachment":[{"href":"https:\/\/ethos-media.de\/index.php\/wp-json\/wp\/v2\/media?parent=114"}],"curies":[{"name":"wp","href":"https:\/\/api.w.org\/{rel}","templated":true}]}}