{"id":128,"date":"2021-03-16T04:28:49","date_gmt":"2021-03-16T04:28:49","guid":{"rendered":"http:\/\/ethos-media.de\/?page_id=128"},"modified":"2021-03-30T11:36:29","modified_gmt":"2021-03-30T11:36:29","slug":"ethossound-2","status":"publish","type":"page","link":"https:\/\/ethos-media.de\/index.php\/ethossound-2\/","title":{"rendered":"ethossound"},"content":{"rendered":"\t\t<div data-elementor-type=\"wp-page\" data-elementor-id=\"128\" class=\"elementor elementor-128\">\n\t\t\t\t\t\t<section class=\"elementor-section elementor-top-section elementor-element elementor-element-f4abdc6 elementor-section-boxed elementor-section-height-default elementor-section-height-default\" data-id=\"f4abdc6\" data-element_type=\"section\">\n\t\t\t\t\t\t<div class=\"elementor-container elementor-column-gap-default\">\n\t\t\t\t\t<div class=\"elementor-column elementor-col-100 elementor-top-column elementor-element elementor-element-d29fd81\" data-id=\"d29fd81\" data-element_type=\"column\">\n\t\t\t<div class=\"elementor-widget-wrap elementor-element-populated\">\n\t\t\t\t\t\t<div class=\"elementor-element elementor-element-1594159 elementor-widget elementor-widget-heading\" data-id=\"1594159\" data-element_type=\"widget\" data-widget_type=\"heading.default\">\n\t\t\t\t<div class=\"elementor-widget-container\">\n\t\t\t<h2 class=\"elementor-heading-title elementor-size-default\">ethossound<\/h2>\t\t<\/div>\n\t\t\t\t<\/div>\n\t\t\t\t\t<\/div>\n\t\t<\/div>\n\t\t\t\t\t<\/div>\n\t\t<\/section>\n\t\t\t\t<section class=\"elementor-section elementor-top-section elementor-element elementor-element-3ea62c6 elementor-section-boxed elementor-section-height-default elementor-section-height-default\" data-id=\"3ea62c6\" data-element_type=\"section\">\n\t\t\t\t\t\t<div class=\"elementor-container elementor-column-gap-default\">\n\t\t\t\t\t<div class=\"elementor-column elementor-col-100 elementor-top-column elementor-element elementor-element-6568084\" data-id=\"6568084\" data-element_type=\"column\">\n\t\t\t<div class=\"elementor-widget-wrap elementor-element-populated\">\n\t\t\t\t\t\t<div class=\"elementor-element elementor-element-089fe48 elementor-widget elementor-widget-text-editor\" data-id=\"089fe48\" data-element_type=\"widget\" data-widget_type=\"text-editor.default\">\n\t\t\t\t<div class=\"elementor-widget-container\">\n\t\t\t\t\t\t\t<p>+ digitale Ton- und Musikproduktion (angeschlossenes Ton- und Masteringstudio)<\/p><p><span style=\"font-size: 14px; color: var( --e-global-color-text );\">+ Komposition und Arrangement f\u00fcr hochwertige &nbsp;Musikproduktionen im professionellen Ton-, Video- und Broadcastbereich<\/span><br><\/p><p><span style=\"font-size: 14px; color: var( --e-global-color-text );\">+ Betreuung in s\u00e4mtlichen multimedialen Audioprozessen und diversen Verwertungsformaten<\/span><br><\/p><p><span style=\"font-size: 14px; color: var( --e-global-color-text );\">+ K\u00fcnstlerische Liveperformance als Musikdarbieter und mit Orchester<\/span><br><\/p>\t\t\t\t\t\t<\/div>\n\t\t\t\t<\/div>\n\t\t\t\t\t<\/div>\n\t\t<\/div>\n\t\t\t\t\t<\/div>\n\t\t<\/section>\n\t\t\t\t<\/div>\n\t\t","protected":false},"excerpt":{"rendered":"<p>ethossound + digitale Ton- und Musikproduktion (angeschlossenes Ton- und Masteringstudio) + Komposition und Arrangement f\u00fcr hochwertige &nbsp;Musikproduktionen im professionellen Ton-, Video- und Broadcastbereich + Betreuung in s\u00e4mtlichen multimedialen Audioprozessen und diversen Verwertungsformaten + K\u00fcnstlerische Liveperformance als Musikdarbieter und mit Orchester<\/p>\n","protected":false},"author":1,"featured_media":0,"parent":0,"menu_order":3,"comment_status":"closed","ping_status":"closed","template":"elementor_header_footer","meta":{"footnotes":""},"_links":{"self":[{"href":"https:\/\/ethos-media.de\/index.php\/wp-json\/wp\/v2\/pages\/128"}],"collection":[{"href":"https:\/\/ethos-media.de\/index.php\/wp-json\/wp\/v2\/pages"}],"about":[{"href":"https:\/\/ethos-media.de\/index.php\/wp-json\/wp\/v2\/types\/page"}],"author":[{"embeddable":true,"href":"https:\/\/ethos-media.de\/index.php\/wp-json\/wp\/v2\/users\/1"}],"replies":[{"embeddable":true,"href":"https:\/\/ethos-media.de\/index.php\/wp-json\/wp\/v2\/comments?post=128"}],"version-history":[{"count":17,"href":"https:\/\/ethos-media.de\/index.php\/wp-json\/wp\/v2\/pages\/128\/revisions"}],"predecessor-version":[{"id":345,"href":"https:\/\/ethos-media.de\/index.php\/wp-json\/wp\/v2\/pages\/128\/revisions\/345"}],"wp:attachment":[{"href":"https:\/\/ethos-media.de\/index.php\/wp-json\/wp\/v2\/media?parent=128"}],"curies":[{"name":"wp","href":"https:\/\/api.w.org\/{rel}","templated":true}]}}