{"id":23,"date":"2021-03-15T13:37:00","date_gmt":"2021-03-15T13:37:00","guid":{"rendered":"http:\/\/ethos-media.de\/?page_id=23"},"modified":"2021-04-07T05:32:47","modified_gmt":"2021-04-07T05:32:47","slug":"startseite","status":"publish","type":"page","link":"https:\/\/ethos-media.de\/","title":{"rendered":"Startseite"},"content":{"rendered":"\t\t<div data-elementor-type=\"wp-page\" data-elementor-id=\"23\" class=\"elementor elementor-23\">\n\t\t\t\t\t\t<section class=\"elementor-section elementor-top-section elementor-element elementor-element-dff09b6 elementor-section-boxed elementor-section-height-default elementor-section-height-default\" data-id=\"dff09b6\" data-element_type=\"section\">\n\t\t\t\t\t\t<div class=\"elementor-container elementor-column-gap-default\">\n\t\t\t\t\t<div class=\"elementor-column elementor-col-50 elementor-top-column elementor-element elementor-element-8e4f651\" data-id=\"8e4f651\" data-element_type=\"column\">\n\t\t\t<div class=\"elementor-widget-wrap elementor-element-populated\">\n\t\t\t\t\t\t<div class=\"elementor-element elementor-element-dce9456 elementor-widget elementor-widget-text-editor\" data-id=\"dce9456\" data-element_type=\"widget\" data-widget_type=\"text-editor.default\">\n\t\t\t\t<div class=\"elementor-widget-container\">\n\t\t\t\t\t\t\t<p><em><strong>ethos<\/strong> media<\/em> ist eine Produktions- und Consultingfirma mit Schwerpunkt Science- und Dokumentarfilme (Arthouse) und wird dabei haupts\u00e4chlich in digitalen Netzwerken und medialen Profilen wahrgenommen.<\/p><p>Sie betreut dabei bundesweit medienpr\u00e4sente Institutionen, aber auch Organisationen und Firmen die im sozialen und wissenschaftlichen Bereich nach au\u00dfen wirksam sind.<\/p>\t\t\t\t\t\t<\/div>\n\t\t\t\t<\/div>\n\t\t\t\t\t<\/div>\n\t\t<\/div>\n\t\t\t\t<div class=\"elementor-column elementor-col-50 elementor-top-column elementor-element elementor-element-35f2149\" data-id=\"35f2149\" data-element_type=\"column\">\n\t\t\t<div class=\"elementor-widget-wrap elementor-element-populated\">\n\t\t\t\t\t\t<div class=\"elementor-element elementor-element-9b02d47 elementor-widget elementor-widget-text-editor\" data-id=\"9b02d47\" data-element_type=\"widget\" data-widget_type=\"text-editor.default\">\n\t\t\t\t<div class=\"elementor-widget-container\">\n\t\t\t\t\t\t\t<p><strong><em>ethos<\/em><\/strong><em> media<\/em> is a production and consulting company with a focus on science and documentary films (art house) and is mainly noticed in digital networks and media profiles.<\/p><p><strong><em>ethos<\/em><\/strong><em> media<\/em> cared media-present institutions, but also organizations and companies that have an external impact in the social and scientific field.<\/p>\t\t\t\t\t\t<\/div>\n\t\t\t\t<\/div>\n\t\t\t\t\t<\/div>\n\t\t<\/div>\n\t\t\t\t\t<\/div>\n\t\t<\/section>\n\t\t\t\t<section class=\"elementor-section elementor-top-section elementor-element elementor-element-e39e4f8 elementor-section-height-min-height elementor-section-boxed elementor-section-height-default elementor-section-items-middle elementor-invisible\" data-id=\"e39e4f8\" data-element_type=\"section\" data-settings=\"{&quot;background_background&quot;:&quot;video&quot;,&quot;background_video_link&quot;:&quot;https:\\\/\\\/ethos-media.de\\\/wp-content\\\/uploads\\\/2021\\\/04\\\/HP-avec-blue-1.mp4&quot;,&quot;animation&quot;:&quot;fadeIn&quot;}\">\n\t\t\t\t\t\t\t\t<div class=\"elementor-background-video-container elementor-hidden-phone\">\n\t\t\t\t\t\t\t\t\t\t\t\t\t<video class=\"elementor-background-video-hosted elementor-html5-video\" autoplay muted playsinline loop><\/video>\n\t\t\t\t\t\t\t\t\t\t\t<\/div>\n\t\t\t\t\t\t\t\t<div class=\"elementor-container elementor-column-gap-default\">\n\t\t\t\t\t<div class=\"elementor-column elementor-col-20 elementor-top-column elementor-element elementor-element-e0abcdf\" data-id=\"e0abcdf\" data-element_type=\"column\">\n\t\t\t<div class=\"elementor-widget-wrap elementor-element-populated\">\n\t\t\t\t\t\t<div class=\"elementor-element elementor-element-2f0da38 animated-slow elementor-invisible elementor-widget elementor-widget-image\" data-id=\"2f0da38\" data-element_type=\"widget\" data-settings=\"{&quot;_animation&quot;:&quot;fadeIn&quot;,&quot;_animation_delay&quot;:500}\" data-widget_type=\"image.default\">\n\t\t\t\t<div class=\"elementor-widget-container\">\n\t\t\t\t\t\t\t\t\t\t<figure class=\"wp-caption\">\n\t\t\t\t\t\t\t\t\t\t\t<a href=\"https:\/\/ethos-media.de\/index.php\/ethosfilm-2\/\">\n\t\t\t\t\t\t\t<img fetchpriority=\"high\" decoding=\"async\" width=\"634\" height=\"793\" src=\"https:\/\/ethos-media.de\/wp-content\/uploads\/2021\/03\/eth-film-2.jpg\" class=\"elementor-animation-shrink attachment-large size-large wp-image-377\" alt=\"\" srcset=\"https:\/\/ethos-media.de\/wp-content\/uploads\/2021\/03\/eth-film-2.jpg 634w, https:\/\/ethos-media.de\/wp-content\/uploads\/2021\/03\/eth-film-2-240x300.jpg 240w\" sizes=\"(max-width: 634px) 100vw, 634px\" \/>\t\t\t\t\t\t\t\t<\/a>\n\t\t\t\t\t\t\t\t\t\t\t<figcaption class=\"widget-image-caption wp-caption-text\">Digitale Filmproduktionen<\/figcaption>\n\t\t\t\t\t\t\t\t\t\t<\/figure>\n\t\t\t\t\t\t\t<\/div>\n\t\t\t\t<\/div>\n\t\t\t\t\t<\/div>\n\t\t<\/div>\n\t\t\t\t<div class=\"elementor-column elementor-col-20 elementor-top-column elementor-element elementor-element-341064a\" data-id=\"341064a\" data-element_type=\"column\">\n\t\t\t<div class=\"elementor-widget-wrap elementor-element-populated\">\n\t\t\t\t\t\t<div class=\"elementor-element elementor-element-a204632 animated-slow elementor-invisible elementor-widget elementor-widget-image\" data-id=\"a204632\" data-element_type=\"widget\" data-settings=\"{&quot;_animation&quot;:&quot;fadeIn&quot;,&quot;_animation_delay&quot;:1000}\" data-widget_type=\"image.default\">\n\t\t\t\t<div class=\"elementor-widget-container\">\n\t\t\t\t\t\t\t\t\t\t<figure class=\"wp-caption\">\n\t\t\t\t\t\t\t\t\t\t\t<a href=\"https:\/\/ethos-media.de\/index.php\/ethosfoto-2\/\">\n\t\t\t\t\t\t\t<img decoding=\"async\" width=\"634\" height=\"793\" src=\"https:\/\/ethos-media.de\/wp-content\/uploads\/2021\/03\/eth-foto-2.jpg\" class=\"elementor-animation-shrink attachment-large size-large wp-image-381\" alt=\"\" srcset=\"https:\/\/ethos-media.de\/wp-content\/uploads\/2021\/03\/eth-foto-2.jpg 634w, https:\/\/ethos-media.de\/wp-content\/uploads\/2021\/03\/eth-foto-2-240x300.jpg 240w\" sizes=\"(max-width: 634px) 100vw, 634px\" \/>\t\t\t\t\t\t\t\t<\/a>\n\t\t\t\t\t\t\t\t\t\t\t<figcaption class=\"widget-image-caption wp-caption-text\">Digitale &amp; analoge Fotoaufnahmen<\/figcaption>\n\t\t\t\t\t\t\t\t\t\t<\/figure>\n\t\t\t\t\t\t\t<\/div>\n\t\t\t\t<\/div>\n\t\t\t\t\t<\/div>\n\t\t<\/div>\n\t\t\t\t<div class=\"elementor-column elementor-col-20 elementor-top-column elementor-element elementor-element-5128a13\" data-id=\"5128a13\" data-element_type=\"column\">\n\t\t\t<div class=\"elementor-widget-wrap elementor-element-populated\">\n\t\t\t\t\t\t<div class=\"elementor-element elementor-element-9fde8d8 animated-slow elementor-invisible elementor-widget elementor-widget-image\" data-id=\"9fde8d8\" data-element_type=\"widget\" data-settings=\"{&quot;_animation&quot;:&quot;fadeIn&quot;,&quot;_animation_delay&quot;:1500}\" data-widget_type=\"image.default\">\n\t\t\t\t<div class=\"elementor-widget-container\">\n\t\t\t\t\t\t\t\t\t\t<figure class=\"wp-caption\">\n\t\t\t\t\t\t\t\t\t\t\t<a href=\"https:\/\/ethos-media.de\/index.php\/ethossound-2\/\">\n\t\t\t\t\t\t\t<img decoding=\"async\" width=\"634\" height=\"793\" src=\"https:\/\/ethos-media.de\/wp-content\/uploads\/2021\/03\/eth-sound-2.jpg\" class=\"elementor-animation-shrink attachment-large size-large wp-image-368\" alt=\"\" srcset=\"https:\/\/ethos-media.de\/wp-content\/uploads\/2021\/03\/eth-sound-2.jpg 634w, https:\/\/ethos-media.de\/wp-content\/uploads\/2021\/03\/eth-sound-2-240x300.jpg 240w\" sizes=\"(max-width: 634px) 100vw, 634px\" \/>\t\t\t\t\t\t\t\t<\/a>\n\t\t\t\t\t\t\t\t\t\t\t<figcaption class=\"widget-image-caption wp-caption-text\">Musik- und Tonproduktionen<\/figcaption>\n\t\t\t\t\t\t\t\t\t\t<\/figure>\n\t\t\t\t\t\t\t<\/div>\n\t\t\t\t<\/div>\n\t\t\t\t\t<\/div>\n\t\t<\/div>\n\t\t\t\t<div class=\"elementor-column elementor-col-20 elementor-top-column elementor-element elementor-element-4bf793b\" data-id=\"4bf793b\" data-element_type=\"column\">\n\t\t\t<div class=\"elementor-widget-wrap elementor-element-populated\">\n\t\t\t\t\t\t<div class=\"elementor-element elementor-element-ce8413e animated-slow elementor-invisible elementor-widget elementor-widget-image\" data-id=\"ce8413e\" data-element_type=\"widget\" data-settings=\"{&quot;_animation&quot;:&quot;fadeIn&quot;,&quot;_animation_delay&quot;:2000}\" data-widget_type=\"image.default\">\n\t\t\t\t<div class=\"elementor-widget-container\">\n\t\t\t\t\t\t\t\t\t\t<figure class=\"wp-caption\">\n\t\t\t\t\t\t\t\t\t\t\t<a href=\"https:\/\/ethos-media.de\/index.php\/ethosconsulting-2\/\">\n\t\t\t\t\t\t\t<img loading=\"lazy\" decoding=\"async\" width=\"634\" height=\"793\" src=\"https:\/\/ethos-media.de\/wp-content\/uploads\/2021\/03\/eth-consulting-2.jpg\" class=\"elementor-animation-shrink attachment-large size-large wp-image-369\" alt=\"\" srcset=\"https:\/\/ethos-media.de\/wp-content\/uploads\/2021\/03\/eth-consulting-2.jpg 634w, https:\/\/ethos-media.de\/wp-content\/uploads\/2021\/03\/eth-consulting-2-240x300.jpg 240w\" sizes=\"(max-width: 634px) 100vw, 634px\" \/>\t\t\t\t\t\t\t\t<\/a>\n\t\t\t\t\t\t\t\t\t\t\t<figcaption class=\"widget-image-caption wp-caption-text\">Kreativberatung<\/figcaption>\n\t\t\t\t\t\t\t\t\t\t<\/figure>\n\t\t\t\t\t\t\t<\/div>\n\t\t\t\t<\/div>\n\t\t\t\t\t<\/div>\n\t\t<\/div>\n\t\t\t\t<div class=\"elementor-column elementor-col-20 elementor-top-column elementor-element elementor-element-5e4aaf9\" data-id=\"5e4aaf9\" data-element_type=\"column\">\n\t\t\t<div class=\"elementor-widget-wrap elementor-element-populated\">\n\t\t\t\t\t\t<div class=\"elementor-element elementor-element-6615210 animated-slow elementor-invisible elementor-widget elementor-widget-image\" data-id=\"6615210\" data-element_type=\"widget\" data-settings=\"{&quot;_animation&quot;:&quot;fadeIn&quot;,&quot;_animation_delay&quot;:2500}\" data-widget_type=\"image.default\">\n\t\t\t\t<div class=\"elementor-widget-container\">\n\t\t\t\t\t\t\t\t\t\t<figure class=\"wp-caption\">\n\t\t\t\t\t\t\t\t\t\t\t<a href=\"https:\/\/ethos-media.de\/index.php\/erthosdigital\/\">\n\t\t\t\t\t\t\t<img loading=\"lazy\" decoding=\"async\" width=\"634\" height=\"793\" src=\"https:\/\/ethos-media.de\/wp-content\/uploads\/2021\/03\/eth-digital-2.jpg\" class=\"elementor-animation-shrink attachment-large size-large wp-image-382\" alt=\"\" srcset=\"https:\/\/ethos-media.de\/wp-content\/uploads\/2021\/03\/eth-digital-2.jpg 634w, https:\/\/ethos-media.de\/wp-content\/uploads\/2021\/03\/eth-digital-2-240x300.jpg 240w\" sizes=\"(max-width: 634px) 100vw, 634px\" \/>\t\t\t\t\t\t\t\t<\/a>\n\t\t\t\t\t\t\t\t\t\t\t<figcaption class=\"widget-image-caption wp-caption-text\">Multimedia Social Media<\/figcaption>\n\t\t\t\t\t\t\t\t\t\t<\/figure>\n\t\t\t\t\t\t\t<\/div>\n\t\t\t\t<\/div>\n\t\t\t\t\t<\/div>\n\t\t<\/div>\n\t\t\t\t\t<\/div>\n\t\t<\/section>\n\t\t\t\t<section class=\"elementor-section elementor-top-section elementor-element elementor-element-ed16497 elementor-section-boxed elementor-section-height-default elementor-section-height-default\" data-id=\"ed16497\" data-element_type=\"section\">\n\t\t\t\t\t\t<div class=\"elementor-container elementor-column-gap-default\">\n\t\t\t\t\t<div class=\"elementor-column elementor-col-100 elementor-top-column elementor-element elementor-element-7d7072e\" data-id=\"7d7072e\" data-element_type=\"column\">\n\t\t\t<div class=\"elementor-widget-wrap elementor-element-populated\">\n\t\t\t\t\t\t<div class=\"elementor-element elementor-element-5404c9f elementor-widget elementor-widget-spacer\" data-id=\"5404c9f\" data-element_type=\"widget\" data-widget_type=\"spacer.default\">\n\t\t\t\t<div class=\"elementor-widget-container\">\n\t\t\t\t\t<div class=\"elementor-spacer\">\n\t\t\t<div class=\"elementor-spacer-inner\"><\/div>\n\t\t<\/div>\n\t\t\t\t<\/div>\n\t\t\t\t<\/div>\n\t\t\t\t\t<\/div>\n\t\t<\/div>\n\t\t\t\t\t<\/div>\n\t\t<\/section>\n\t\t\t\t<section class=\"elementor-section elementor-top-section elementor-element elementor-element-6bf65fb elementor-section-boxed elementor-section-height-default elementor-section-height-default\" data-id=\"6bf65fb\" data-element_type=\"section\">\n\t\t\t\t\t\t<div class=\"elementor-container elementor-column-gap-default\">\n\t\t\t\t\t<div class=\"elementor-column elementor-col-50 elementor-top-column elementor-element elementor-element-b175468\" data-id=\"b175468\" data-element_type=\"column\">\n\t\t\t<div class=\"elementor-widget-wrap elementor-element-populated\">\n\t\t\t\t\t\t<div class=\"elementor-element elementor-element-1d5cf1c elementor-widget elementor-widget-text-editor\" data-id=\"1d5cf1c\" data-element_type=\"widget\" data-widget_type=\"text-editor.default\">\n\t\t\t\t<div class=\"elementor-widget-container\">\n\t\t\t\t\t\t\t<p>Die Philosophie des Films ist zu einem bedeutenden Bereich f\u00fcr Filmemacher und Sch\u00f6pfer digitaler Medien geworden. <em><strong>ethos<\/strong> media<\/em> hat sich sowohl auf \u00e4sthetische Fragen des Films als k\u00fcnstlerisches Medium, als auch auf Fragen zum philosophischen Inhalt von Filmen konzentriert. Die Raffinesse und Menge der Beitr\u00e4ge in diesen beiden Bereichen nimmt weiter zu, da immer mehr Filmemacher den Film als Thema f\u00fcr Verantwortungsbewusste Medien ernst nehmen.<\/p><p>Da der Einfluss des Films und der damit verbundenen digitalen Medien auf das Leben der Menschen weiter zunimmt, ist zu erwarten, dass die Filmphilosophie f\u00fcr Filmunternehmen zu einem noch wichtigeren Bereich wird. In den kommenden Jahren k\u00f6nnen wir uns auf neue und innovative Beitr\u00e4ge von <strong><em>ethos<\/em><\/strong><em> media<\/em> zu diesem spannenden Bereich freuen.<\/p>\t\t\t\t\t\t<\/div>\n\t\t\t\t<\/div>\n\t\t\t\t\t<\/div>\n\t\t<\/div>\n\t\t\t\t<div class=\"elementor-column elementor-col-50 elementor-top-column elementor-element elementor-element-f2073a6\" data-id=\"f2073a6\" data-element_type=\"column\">\n\t\t\t<div class=\"elementor-widget-wrap elementor-element-populated\">\n\t\t\t\t\t\t<div class=\"elementor-element elementor-element-cb95ff2 elementor-widget elementor-widget-text-editor\" data-id=\"cb95ff2\" data-element_type=\"widget\" data-widget_type=\"text-editor.default\">\n\t\t\t\t<div class=\"elementor-widget-container\">\n\t\t\t\t\t\t\t<p>The philosophy of film has become a significant area for filmmaker and digital media creaters. <b><i>ethos<\/i><\/b><i> media<\/i> has concentrated both on aesthetic issues about film as an artistic medium and questions about the philosophical content of films. The sophistication and quantity of contributions in both of these areas continue to increase, as more filmmaker have taken film seriously as a subject for responsible media.<\/p><p>As film and its related digital media continue to expand in their influence upon the lives of human beings, the philosophy of film can be expected to become an even more vital area for filmmaking companies. In the coming years, we can look forward to new and innovative contributions to this exciting area by <b><i>ethos<\/i><\/b><i> media<\/i>.<\/p>\t\t\t\t\t\t<\/div>\n\t\t\t\t<\/div>\n\t\t\t\t\t<\/div>\n\t\t<\/div>\n\t\t\t\t\t<\/div>\n\t\t<\/section>\n\t\t\t\t<section class=\"elementor-section elementor-top-section elementor-element elementor-element-da009cc elementor-section-boxed elementor-section-height-default elementor-section-height-default\" data-id=\"da009cc\" data-element_type=\"section\">\n\t\t\t\t\t\t<div class=\"elementor-container elementor-column-gap-default\">\n\t\t\t\t\t<div class=\"elementor-column elementor-col-100 elementor-top-column elementor-element elementor-element-2fc50f4\" data-id=\"2fc50f4\" data-element_type=\"column\">\n\t\t\t<div class=\"elementor-widget-wrap elementor-element-populated\">\n\t\t\t\t\t\t<div class=\"elementor-element elementor-element-e023504 elementor-widget elementor-widget-spacer\" data-id=\"e023504\" data-element_type=\"widget\" data-widget_type=\"spacer.default\">\n\t\t\t\t<div class=\"elementor-widget-container\">\n\t\t\t\t\t<div class=\"elementor-spacer\">\n\t\t\t<div class=\"elementor-spacer-inner\"><\/div>\n\t\t<\/div>\n\t\t\t\t<\/div>\n\t\t\t\t<\/div>\n\t\t\t\t\t<\/div>\n\t\t<\/div>\n\t\t\t\t\t<\/div>\n\t\t<\/section>\n\t\t\t\t<section class=\"elementor-section elementor-top-section elementor-element elementor-element-11b603f elementor-section-boxed elementor-section-height-default elementor-section-height-default\" data-id=\"11b603f\" data-element_type=\"section\">\n\t\t\t\t\t\t<div class=\"elementor-container elementor-column-gap-default\">\n\t\t\t\t\t<div class=\"elementor-column elementor-col-100 elementor-top-column elementor-element elementor-element-4f8aef8\" data-id=\"4f8aef8\" data-element_type=\"column\">\n\t\t\t<div class=\"elementor-widget-wrap elementor-element-populated\">\n\t\t\t\t\t\t<div class=\"elementor-element elementor-element-3ac3245 elementor-widget elementor-widget-text-editor\" data-id=\"3ac3245\" data-element_type=\"widget\" data-widget_type=\"text-editor.default\">\n\t\t\t\t<div class=\"elementor-widget-container\">\n\t\t\t\t\t\t\t<p><strong>ethos<\/strong> media Filmproduktionsunternehmen<\/p>\t\t\t\t\t\t<\/div>\n\t\t\t\t<\/div>\n\t\t\t\t\t<\/div>\n\t\t<\/div>\n\t\t\t\t\t<\/div>\n\t\t<\/section>\n\t\t\t\t<\/div>\n\t\t","protected":false},"excerpt":{"rendered":"<p>ethos media ist eine Produktions- und Consultingfirma mit Schwerpunkt Science- und Dokumentarfilme (Arthouse) und wird dabei haupts\u00e4chlich in digitalen Netzwerken und medialen Profilen wahrgenommen. Sie betreut dabei bundesweit medienpr\u00e4sente Institutionen, aber auch Organisationen und Firmen die im sozialen und wissenschaftlichen Bereich nach au\u00dfen wirksam sind. ethos media is a production&hellip; <\/p>\n","protected":false},"author":1,"featured_media":0,"parent":0,"menu_order":0,"comment_status":"closed","ping_status":"closed","template":"elementor_header_footer","meta":{"footnotes":""},"_links":{"self":[{"href":"https:\/\/ethos-media.de\/index.php\/wp-json\/wp\/v2\/pages\/23"}],"collection":[{"href":"https:\/\/ethos-media.de\/index.php\/wp-json\/wp\/v2\/pages"}],"about":[{"href":"https:\/\/ethos-media.de\/index.php\/wp-json\/wp\/v2\/types\/page"}],"author":[{"embeddable":true,"href":"https:\/\/ethos-media.de\/index.php\/wp-json\/wp\/v2\/users\/1"}],"replies":[{"embeddable":true,"href":"https:\/\/ethos-media.de\/index.php\/wp-json\/wp\/v2\/comments?post=23"}],"version-history":[{"count":101,"href":"https:\/\/ethos-media.de\/index.php\/wp-json\/wp\/v2\/pages\/23\/revisions"}],"predecessor-version":[{"id":456,"href":"https:\/\/ethos-media.de\/index.php\/wp-json\/wp\/v2\/pages\/23\/revisions\/456"}],"wp:attachment":[{"href":"https:\/\/ethos-media.de\/index.php\/wp-json\/wp\/v2\/media?parent=23"}],"curies":[{"name":"wp","href":"https:\/\/api.w.org\/{rel}","templated":true}]}}