{"id":7,"date":"2021-03-15T13:29:12","date_gmt":"2021-03-15T13:29:12","guid":{"rendered":"http:\/\/ethos-media.de\/?page_id=7"},"modified":"2021-04-07T04:50:30","modified_gmt":"2021-04-07T04:50:30","slug":"test-1","status":"publish","type":"page","link":"https:\/\/ethos-media.de\/index.php\/test-1\/","title":{"rendered":"Philosophie"},"content":{"rendered":"\t\t<div data-elementor-type=\"wp-page\" data-elementor-id=\"7\" class=\"elementor elementor-7\">\n\t\t\t\t\t\t<section class=\"elementor-section elementor-top-section elementor-element elementor-element-ac7add5 elementor-section-boxed elementor-section-height-default elementor-section-height-default\" data-id=\"ac7add5\" data-element_type=\"section\">\n\t\t\t\t\t\t<div class=\"elementor-container elementor-column-gap-default\">\n\t\t\t\t\t<div class=\"elementor-column elementor-col-33 elementor-top-column elementor-element elementor-element-8533191\" data-id=\"8533191\" data-element_type=\"column\">\n\t\t\t<div class=\"elementor-widget-wrap elementor-element-populated\">\n\t\t\t\t\t\t<div class=\"elementor-element elementor-element-b129a77 elementor-widget elementor-widget-heading\" data-id=\"b129a77\" data-element_type=\"widget\" data-widget_type=\"heading.default\">\n\t\t\t\t<div class=\"elementor-widget-container\">\n\t\t\t<h2 class=\"elementor-heading-title elementor-size-default\"><span style=\"font-style: normal; caret-color: rgb(133, 134, 135); color: rgb(133, 134, 135); font-family: Roboto, sans-serif; font-size: 26px; font-weight: 600;\">Philosophie<\/span><br><\/h2>\t\t<\/div>\n\t\t\t\t<\/div>\n\t\t\t\t\t<\/div>\n\t\t<\/div>\n\t\t\t\t<div class=\"elementor-column elementor-col-33 elementor-top-column elementor-element elementor-element-e6c6c9b\" data-id=\"e6c6c9b\" data-element_type=\"column\">\n\t\t\t<div class=\"elementor-widget-wrap elementor-element-populated\">\n\t\t\t\t\t\t<div class=\"elementor-element elementor-element-d17de2f elementor-widget elementor-widget-heading\" data-id=\"d17de2f\" data-element_type=\"widget\" data-widget_type=\"heading.default\">\n\t\t\t\t<div class=\"elementor-widget-container\">\n\t\t\t<h2 class=\"elementor-heading-title elementor-size-default\"><span class=\"elementor-heading-title elementor-size-default elementor-inline-editing pen\" data-elementor-setting-key=\"title\" data-pen-placeholder=\"Eingabe hier...\" style=\"font-style: normal; font-family: Roboto, sans-serif; font-size: 26px; font-weight: 600; color: rgb(110, 193, 228);\"><span data-elementor-setting-key=\"title\" data-pen-placeholder=\"Eingabe hier...\" style=\"font-size: 26px; font-style: normal; color: rgb(133, 134, 135);\">Philosophy<\/span><\/span><span style=\"font-style: normal; font-family: Roboto, sans-serif; font-size: 26px; font-weight: 600;\"><\/span><br><\/h2>\t\t<\/div>\n\t\t\t\t<\/div>\n\t\t\t\t\t<\/div>\n\t\t<\/div>\n\t\t\t\t<div class=\"elementor-column elementor-col-33 elementor-top-column elementor-element elementor-element-e290f06\" data-id=\"e290f06\" data-element_type=\"column\">\n\t\t\t<div class=\"elementor-widget-wrap\">\n\t\t\t\t\t\t\t<\/div>\n\t\t<\/div>\n\t\t\t\t\t<\/div>\n\t\t<\/section>\n\t\t\t\t<section class=\"elementor-section elementor-top-section elementor-element elementor-element-88bc4ca elementor-section-boxed elementor-section-height-default elementor-section-height-default\" data-id=\"88bc4ca\" data-element_type=\"section\">\n\t\t\t\t\t\t<div class=\"elementor-container elementor-column-gap-default\">\n\t\t\t\t\t<div class=\"elementor-column elementor-col-33 elementor-top-column elementor-element elementor-element-2b70c6a\" data-id=\"2b70c6a\" data-element_type=\"column\">\n\t\t\t<div class=\"elementor-widget-wrap elementor-element-populated\">\n\t\t\t\t\t\t<div class=\"elementor-element elementor-element-f268620 elementor-widget elementor-widget-text-editor\" data-id=\"f268620\" data-element_type=\"widget\" data-widget_type=\"text-editor.default\">\n\t\t\t\t<div class=\"elementor-widget-container\">\n\t\t\t\t\t\t\t<p>Unser Produktionsunternehmen\u00a0verwaltet und steuert den Herstellungsprozess audiovisueller Produktionen und ist verantwortlich f\u00fcr die\u00a0Projektentwicklung, die\u00a0Filmkalkulation\u00a0und\u00a0Filmfinanzierung, die\u00a0Produktion\u00a0bis hin zur\u00a0Postproduktion\u00a0und Fertigstellung der\u00a0Nullkopie\u00a0bzw. des Sendebandes. <em><strong>ethos<\/strong><\/em> <em>media<\/em> produziert bewegte Bilder f\u00fcr alle Auswertungszwecke: Kino-, Fernseh-, Werbe- oder Industriefilme f\u00fcr\u00a0Fernsehen,\u00a0Kino, Bildtontr\u00e4ger,\u00a0Internet\u00a0und andere zur \u00dcbertragung audiovisueller Inhalte geeignete Medien.<\/p><p>Von einem verantwortungsvollen Produktionsunternehmen spricht man, wenn es nicht nur die wirtschaftliche und technische Verantwortung f\u00fcr die Produktion tr\u00e4gt, ihre Durchf\u00fchrung organisiert und sie inhaltlich beeinflusst, sondern es bedingt auch eine ethisch &#8211; philosophische Denkweise, die zu Gunsten der Mitwirkenden und der gesamten Umgebung handelt.<\/p>\t\t\t\t\t\t<\/div>\n\t\t\t\t<\/div>\n\t\t\t\t\t<\/div>\n\t\t<\/div>\n\t\t\t\t<div class=\"elementor-column elementor-col-33 elementor-top-column elementor-element elementor-element-14df767\" data-id=\"14df767\" data-element_type=\"column\">\n\t\t\t<div class=\"elementor-widget-wrap elementor-element-populated\">\n\t\t\t\t\t\t<div class=\"elementor-element elementor-element-20a02a1 elementor-widget elementor-widget-text-editor\" data-id=\"20a02a1\" data-element_type=\"widget\" data-widget_type=\"text-editor.default\">\n\t\t\t\t<div class=\"elementor-widget-container\">\n\t\t\t\t\t\t\t<p>Our production company manages and controls the manufacturing process of audiovisual productions and is responsible for project development, film costing and film financing, from production to post-production and through completion of the zero copy or the broadcast tape. <b><i>ethos<\/i><\/b><i> media<\/i> produces moving images for all evaluation purposes: cinema, television, advertising or industrial films for television, cinema, audio- and video carriers, the Internet and other media suitable for the transmission of audiovisual content<\/p><p>One speaks of a responsible production company if it not only bears the economic and technical responsibility for the production, organizes its implementation and influences its content, but also requires an ethical &#8211; philosophical way of thinking that acts in favor of the participants and the entire environment.<\/p>\t\t\t\t\t\t<\/div>\n\t\t\t\t<\/div>\n\t\t\t\t\t<\/div>\n\t\t<\/div>\n\t\t\t\t<div class=\"elementor-column elementor-col-33 elementor-top-column elementor-element elementor-element-688f806\" data-id=\"688f806\" data-element_type=\"column\">\n\t\t\t<div class=\"elementor-widget-wrap elementor-element-populated\">\n\t\t\t\t\t\t<div class=\"elementor-element elementor-element-31997d5 animated-slow elementor-invisible elementor-widget elementor-widget-image\" data-id=\"31997d5\" data-element_type=\"widget\" data-settings=\"{&quot;_animation&quot;:&quot;slideInRight&quot;,&quot;_animation_delay&quot;:500}\" data-widget_type=\"image.default\">\n\t\t\t\t<div class=\"elementor-widget-container\">\n\t\t\t\t\t\t\t\t\t\t\t\t\t<img fetchpriority=\"high\" decoding=\"async\" width=\"275\" height=\"425\" src=\"https:\/\/ethos-media.de\/wp-content\/uploads\/2021\/04\/Nase-HP-mit-Spruch-Form.jpg\" class=\"attachment-full size-full wp-image-442\" alt=\"\" srcset=\"https:\/\/ethos-media.de\/wp-content\/uploads\/2021\/04\/Nase-HP-mit-Spruch-Form.jpg 275w, https:\/\/ethos-media.de\/wp-content\/uploads\/2021\/04\/Nase-HP-mit-Spruch-Form-194x300.jpg 194w\" sizes=\"(max-width: 275px) 100vw, 275px\" \/>\t\t\t\t\t\t\t\t\t\t\t\t\t<\/div>\n\t\t\t\t<\/div>\n\t\t\t\t\t<\/div>\n\t\t<\/div>\n\t\t\t\t\t<\/div>\n\t\t<\/section>\n\t\t\t\t<section class=\"elementor-section elementor-top-section elementor-element elementor-element-cac5b29 elementor-section-boxed elementor-section-height-default elementor-section-height-default\" data-id=\"cac5b29\" data-element_type=\"section\">\n\t\t\t\t\t\t<div class=\"elementor-container elementor-column-gap-default\">\n\t\t\t\t\t<div class=\"elementor-column elementor-col-100 elementor-top-column elementor-element elementor-element-6a27e24\" data-id=\"6a27e24\" data-element_type=\"column\">\n\t\t\t<div class=\"elementor-widget-wrap elementor-element-populated\">\n\t\t\t\t\t\t<div class=\"elementor-element elementor-element-2c01e2e elementor-widget elementor-widget-spacer\" data-id=\"2c01e2e\" data-element_type=\"widget\" data-widget_type=\"spacer.default\">\n\t\t\t\t<div class=\"elementor-widget-container\">\n\t\t\t\t\t<div class=\"elementor-spacer\">\n\t\t\t<div class=\"elementor-spacer-inner\"><\/div>\n\t\t<\/div>\n\t\t\t\t<\/div>\n\t\t\t\t<\/div>\n\t\t\t\t\t<\/div>\n\t\t<\/div>\n\t\t\t\t\t<\/div>\n\t\t<\/section>\n\t\t\t\t<section class=\"elementor-section elementor-top-section elementor-element elementor-element-19c21cd elementor-section-boxed elementor-section-height-default elementor-section-height-default\" data-id=\"19c21cd\" data-element_type=\"section\">\n\t\t\t\t\t\t<div class=\"elementor-container elementor-column-gap-default\">\n\t\t\t\t\t<div class=\"elementor-column elementor-col-100 elementor-top-column elementor-element elementor-element-3361db1\" data-id=\"3361db1\" data-element_type=\"column\">\n\t\t\t<div class=\"elementor-widget-wrap elementor-element-populated\">\n\t\t\t\t\t\t<div class=\"elementor-element elementor-element-50825a5 elementor-widget elementor-widget-text-editor\" data-id=\"50825a5\" data-element_type=\"widget\" data-widget_type=\"text-editor.default\">\n\t\t\t\t<div class=\"elementor-widget-container\">\n\t\t\t\t\t\t\t<p><span style=\"font-family: 'Red Hat Display', sans-serif; font-size: 18px; font-style: normal; font-weight: bold; text-align: center;\">ethos<\/span><span style=\"font-family: 'Red Hat Display', sans-serif; font-size: 18px; font-style: normal; text-align: center;\">\u00a0media Filmproduktionsunternehmen<\/span><\/p>\t\t\t\t\t\t<\/div>\n\t\t\t\t<\/div>\n\t\t\t\t\t<\/div>\n\t\t<\/div>\n\t\t\t\t\t<\/div>\n\t\t<\/section>\n\t\t\t\t<\/div>\n\t\t","protected":false},"excerpt":{"rendered":"<p>Philosophie Philosophy Unser Produktionsunternehmen\u00a0verwaltet und steuert den Herstellungsprozess audiovisueller Produktionen und ist verantwortlich f\u00fcr die\u00a0Projektentwicklung, die\u00a0Filmkalkulation\u00a0und\u00a0Filmfinanzierung, die\u00a0Produktion\u00a0bis hin zur\u00a0Postproduktion\u00a0und Fertigstellung der\u00a0Nullkopie\u00a0bzw. des Sendebandes. ethos media produziert bewegte Bilder f\u00fcr alle Auswertungszwecke: Kino-, Fernseh-, Werbe- oder Industriefilme f\u00fcr\u00a0Fernsehen,\u00a0Kino, Bildtontr\u00e4ger,\u00a0Internet\u00a0und andere zur \u00dcbertragung audiovisueller Inhalte geeignete Medien. Von einem verantwortungsvollen Produktionsunternehmen spricht&hellip; <\/p>\n","protected":false},"author":1,"featured_media":0,"parent":0,"menu_order":0,"comment_status":"closed","ping_status":"closed","template":"elementor_header_footer","meta":{"footnotes":""},"_links":{"self":[{"href":"https:\/\/ethos-media.de\/index.php\/wp-json\/wp\/v2\/pages\/7"}],"collection":[{"href":"https:\/\/ethos-media.de\/index.php\/wp-json\/wp\/v2\/pages"}],"about":[{"href":"https:\/\/ethos-media.de\/index.php\/wp-json\/wp\/v2\/types\/page"}],"author":[{"embeddable":true,"href":"https:\/\/ethos-media.de\/index.php\/wp-json\/wp\/v2\/users\/1"}],"replies":[{"embeddable":true,"href":"https:\/\/ethos-media.de\/index.php\/wp-json\/wp\/v2\/comments?post=7"}],"version-history":[{"count":32,"href":"https:\/\/ethos-media.de\/index.php\/wp-json\/wp\/v2\/pages\/7\/revisions"}],"predecessor-version":[{"id":453,"href":"https:\/\/ethos-media.de\/index.php\/wp-json\/wp\/v2\/pages\/7\/revisions\/453"}],"wp:attachment":[{"href":"https:\/\/ethos-media.de\/index.php\/wp-json\/wp\/v2\/media?parent=7"}],"curies":[{"name":"wp","href":"https:\/\/api.w.org\/{rel}","templated":true}]}}